{"id":2,"date":"2013-11-06T11:55:36","date_gmt":"2013-11-06T17:55:36","guid":{"rendered":"https:\/\/simesa.org\/portal\/?page_id=2"},"modified":"2025-03-30T20:22:08","modified_gmt":"2025-03-31T02:22:08","slug":"pagina-ejemplo","status":"publish","type":"page","link":"https:\/\/simesa.org\/portal\/","title":{"rendered":"Inicio"},"content":{"rendered":"\n<div class=\"wp-block-cover is-light\" style=\"min-height:450px;aspect-ratio:unset;\"><span aria-hidden=\"true\" class=\"wp-block-cover__background has-background-dim\"><\/span><img loading=\"lazy\" decoding=\"async\" width=\"640\" height=\"512\" class=\"wp-block-cover__image-background wp-image-148\" alt=\"\" src=\"https:\/\/simesa.org\/portal\/wp-content\/uploads\/2022\/01\/1423384994308_bulletin.jpeg\" data-object-fit=\"cover\" srcset=\"https:\/\/simesa.org\/portal\/wp-content\/uploads\/2022\/01\/1423384994308_bulletin.jpeg 640w, https:\/\/simesa.org\/portal\/wp-content\/uploads\/2022\/01\/1423384994308_bulletin-300x240.jpeg 300w\" sizes=\"auto, (max-width: 640px) 100vw, 640px\" \/><div class=\"wp-block-cover__inner-container is-layout-flow wp-block-cover-is-layout-flow\">\n<p class=\"has-text-align-center has-nv-light-bg-color has-text-color has-large-font-size\">Servicios de Inspecci\u00f3n, Mantenimiento y Evaluaci\u00f3n<\/p>\n<\/div><\/div>\n\n\n\n<div style=\"height:60px\" aria-hidden=\"true\" class=\"wp-block-spacer\"><\/div>\n\n\n\n<h5 class=\"wp-block-heading has-text-align-center alignwide\" id=\"somos-un-grupo-empresarial-que-prestamos-servicios-par-la-industria-y-la-construccion-orientados-a-la-mejora-continua-y-profesionalizacion-de-tu-gente-asi-como-la-inspeccion-de-tus-equipos-para-que-no-pierdas-ese-proyecto\" style=\"font-style:normal;font-weight:400\">Somos un grupo empresarial que prestamos servicios par la industria y la construcci\u00f3n orientados a la mejora continua y profesionalizaci\u00f3n de tu gente, as\u00ed como la inspecci\u00f3n de tus equipos para que no pierdas ese proyecto.<\/h5>\n\n\n\n<h5 class=\"wp-block-heading has-text-align-center\" id=\"y-lo-logramos-haciendo-sinergia-entre-marcas-reconocidas-en-este-ambito\" style=\"font-style:normal;font-weight:400\">Y lo logramos haciendo sinergia entre marcas reconocidas en este \u00e1mbito:<\/h5>\n\n\n\n<div style=\"height:100px\" aria-hidden=\"true\" class=\"wp-block-spacer\"><\/div>\n\n\n\n<div class=\"wp-block-columns is-layout-flex wp-container-core-columns-is-layout-9d6595d7 wp-block-columns-is-layout-flex\">\n<div class=\"wp-block-column is-layout-flow wp-block-column-is-layout-flow\">\n<h6 class=\"wp-block-heading has-text-align-center\" id=\"grupo-certificador-y-evaluador-del-noroeste\">Grupo Certificador y Evaluador del Noroeste<\/h6>\n\n\n\n<div class=\"wp-block-columns is-layout-flex wp-container-core-columns-is-layout-9d6595d7 wp-block-columns-is-layout-flex\">\n<div class=\"wp-block-column is-layout-flow wp-block-column-is-layout-flow\" style=\"flex-basis:100%\"><div class=\"wp-block-image is-resized\">\n<figure class=\"aligncenter size-full\"><img loading=\"lazy\" decoding=\"async\" width=\"998\" height=\"998\" src=\"https:\/\/simesa.org\/portal\/wp-content\/uploads\/2022\/01\/logo-internacional-yellow.jpg\" alt=\"\" class=\"wp-image-33\" srcset=\"https:\/\/simesa.org\/portal\/wp-content\/uploads\/2022\/01\/logo-internacional-yellow.jpg 998w, https:\/\/simesa.org\/portal\/wp-content\/uploads\/2022\/01\/logo-internacional-yellow-300x300.jpg 300w, https:\/\/simesa.org\/portal\/wp-content\/uploads\/2022\/01\/logo-internacional-yellow-150x150.jpg 150w, https:\/\/simesa.org\/portal\/wp-content\/uploads\/2022\/01\/logo-internacional-yellow-768x768.jpg 768w\" sizes=\"auto, (max-width: 998px) 100vw, 998px\" \/><figcaption class=\"wp-element-caption\"><a href=\"http:\/\/www.grupocen.com\" data-type=\"URL\" data-id=\"http:\/\/www.grupocen.com\" target=\"_blank\" rel=\"noreferrer noopener\">www.grupocen.com<\/a><\/figcaption><\/figure>\n<\/div><\/div>\n<\/div>\n<\/div>\n\n\n\n<div class=\"wp-block-column is-layout-flow wp-block-column-is-layout-flow\">\n<h6 class=\"wp-block-heading has-text-align-center\" id=\"academia-de-certificacion-de-empleados\">Academia de Certificaci\u00f3n de Empleados<\/h6>\n\n\n\n<div class=\"wp-block-columns is-layout-flex wp-container-core-columns-is-layout-9d6595d7 wp-block-columns-is-layout-flex\">\n<div class=\"wp-block-column is-layout-flow wp-block-column-is-layout-flow\" style=\"flex-basis:100%\"><div class=\"wp-block-image is-resized\">\n<figure class=\"aligncenter size-full\"><a href=\"www.acemexico.org\"><img loading=\"lazy\" decoding=\"async\" width=\"479\" height=\"351\" src=\"https:\/\/simesa.org\/portal\/wp-content\/uploads\/2022\/01\/logo-orange.png\" alt=\"\" class=\"wp-image-34\" srcset=\"https:\/\/simesa.org\/portal\/wp-content\/uploads\/2022\/01\/logo-orange.png 479w, https:\/\/simesa.org\/portal\/wp-content\/uploads\/2022\/01\/logo-orange-300x220.png 300w\" sizes=\"auto, (max-width: 479px) 100vw, 479px\" \/><\/a><figcaption class=\"wp-element-caption\"><a href=\"http:\/\/acemexico.org\" data-type=\"URL\" data-id=\"acemexico.org\" target=\"_blank\" rel=\"noreferrer noopener\">acemexico.org<\/a><\/figcaption><\/figure>\n<\/div><\/div>\n<\/div>\n<\/div>\n\n\n\n<div class=\"wp-block-column is-layout-flow wp-block-column-is-layout-flow\">\n<h6 class=\"wp-block-heading has-text-align-center\" id=\"soluciones-integrales-m-y-e\">Soluciones Integrales M y E<\/h6>\n\n\n\n<div class=\"wp-block-columns is-layout-flex wp-container-core-columns-is-layout-9d6595d7 wp-block-columns-is-layout-flex\">\n<div class=\"wp-block-column is-layout-flow wp-block-column-is-layout-flow\" style=\"flex-basis:100%\">\n<div class=\"wp-block-columns is-layout-flex wp-container-core-columns-is-layout-9d6595d7 wp-block-columns-is-layout-flex\">\n<div class=\"wp-block-column is-layout-flow wp-block-column-is-layout-flow\" style=\"flex-basis:100%\"><div class=\"wp-block-image is-resized\">\n<figure class=\"aligncenter size-large\"><img loading=\"lazy\" decoding=\"async\" width=\"1024\" height=\"414\" src=\"https:\/\/simesa.org\/portal\/wp-content\/uploads\/2022\/01\/logo_naranja-1024x414.png\" alt=\"\" class=\"wp-image-41\" srcset=\"https:\/\/simesa.org\/portal\/wp-content\/uploads\/2022\/01\/logo_naranja-1024x414.png 1024w, https:\/\/simesa.org\/portal\/wp-content\/uploads\/2022\/01\/logo_naranja-300x121.png 300w, https:\/\/simesa.org\/portal\/wp-content\/uploads\/2022\/01\/logo_naranja-768x310.png 768w, https:\/\/simesa.org\/portal\/wp-content\/uploads\/2022\/01\/logo_naranja-1536x621.png 1536w, https:\/\/simesa.org\/portal\/wp-content\/uploads\/2022\/01\/logo_naranja.png 1589w\" sizes=\"auto, (max-width: 1024px) 100vw, 1024px\" \/><\/figure>\n<\/div><\/div>\n<\/div>\n\n\n\n<p><\/p>\n<\/div>\n<\/div>\n<\/div>\n<\/div>\n","protected":false},"excerpt":{"rendered":"<p>Somos un grupo empresarial que prestamos servicios par la industria y la construcci\u00f3n orientados a la mejora continua y profesionalizaci\u00f3n de tu gente, as\u00ed como la inspecci\u00f3n de tus equipos para que no pierdas ese proyecto. Y lo logramos haciendo sinergia entre marcas reconocidas en este \u00e1mbito: Grupo Certificador y Evaluador del Noroeste Academia de&hellip;&nbsp;<a href=\"https:\/\/simesa.org\/portal\/\" rel=\"bookmark\">Leer m\u00e1s &raquo;<span class=\"screen-reader-text\">Inicio<\/span><\/a><\/p>\n","protected":false},"author":3,"featured_media":0,"parent":0,"menu_order":0,"comment_status":"closed","ping_status":"closed","template":"","meta":{"neve_meta_sidebar":"","neve_meta_container":"","neve_meta_enable_content_width":"","neve_meta_content_width":0,"neve_meta_title_alignment":"center","neve_meta_author_avatar":"","neve_post_elements_order":"","neve_meta_disable_header":"","neve_meta_disable_footer":"","neve_meta_disable_title":"","footnotes":""},"class_list":["post-2","page","type-page","status-publish","hentry"],"_links":{"self":[{"href":"https:\/\/simesa.org\/portal\/wp-json\/wp\/v2\/pages\/2","targetHints":{"allow":["GET"]}}],"collection":[{"href":"https:\/\/simesa.org\/portal\/wp-json\/wp\/v2\/pages"}],"about":[{"href":"https:\/\/simesa.org\/portal\/wp-json\/wp\/v2\/types\/page"}],"author":[{"embeddable":true,"href":"https:\/\/simesa.org\/portal\/wp-json\/wp\/v2\/users\/3"}],"replies":[{"embeddable":true,"href":"https:\/\/simesa.org\/portal\/wp-json\/wp\/v2\/comments?post=2"}],"version-history":[{"count":34,"href":"https:\/\/simesa.org\/portal\/wp-json\/wp\/v2\/pages\/2\/revisions"}],"predecessor-version":[{"id":3828,"href":"https:\/\/simesa.org\/portal\/wp-json\/wp\/v2\/pages\/2\/revisions\/3828"}],"wp:attachment":[{"href":"https:\/\/simesa.org\/portal\/wp-json\/wp\/v2\/media?parent=2"}],"curies":[{"name":"wp","href":"https:\/\/api.w.org\/{rel}","templated":true}]}}